{"id":7812,"date":"2017-07-22T23:36:59","date_gmt":"2017-07-22T21:36:59","guid":{"rendered":"http:\/\/www.feuerwehr-pettneu.at\/wp\/?page_id=7812"},"modified":"2017-08-22T13:45:04","modified_gmt":"2017-08-22T11:45:04","slug":"einsaetze","status":"publish","type":"page","link":"https:\/\/www.feuerwehr-pettneu.at\/wp\/einsaetze","title":{"rendered":"Eins\u00e4tze"},"content":{"rendered":"<p>[et_pb_section bb_built=&#8220;1&#8243; admin_label=&#8220;Sektion&#8220; fullwidth=&#8220;off&#8220; specialty=&#8220;off&#8220; background_color=&#8220;#ffffff&#8220; parallax_method=&#8220;off&#8220; custom_padding=&#8220;||0px|&#8220; padding_mobile=&#8220;off&#8220; _builder_version=&#8220;3.0.51&#8243;][et_pb_row admin_label=&#8220;Zeile&#8220; background_position=&#8220;top_left&#8220; background_repeat=&#8220;repeat&#8220; background_size=&#8220;initial&#8220;][et_pb_column type=&#8220;4_4&#8243;][et_pb_text admin_label=&#8220;\u00dcberschrift mit Linie&#8220; background_layout=&#8220;light&#8220; text_orientation=&#8220;left&#8220; border_style=&#8220;solid&#8220; saved_tabs=&#8220;all&#8220; background_position=&#8220;top_left&#8220; background_repeat=&#8220;repeat&#8220; background_size=&#8220;initial&#8220; _builder_version=&#8220;3.0.51&#8243;]<\/p>\n<h1 class=\"h1-red-left\">Eins\u00e4tze<\/h1>\n<hr class=\"line-red-left\" \/>\n<p>[\/et_pb_text][\/et_pb_column][\/et_pb_row][\/et_pb_section][et_pb_section bb_built=&#8220;1&#8243; admin_label=&#8220;Sektion&#8220; fullwidth=&#8220;off&#8220; specialty=&#8220;on&#8220; _builder_version=&#8220;3.0.51&#8243; background_position_1=&#8220;top_left&#8220; background_repeat_1=&#8220;no-repeat&#8220; background_position_2=&#8220;top_left&#8220; background_repeat_2=&#8220;no-repeat&#8220; disabled=&#8220;on&#8220; disabled_on=&#8220;on|on|on&#8220;][et_pb_column type=&#8220;3_4&#8243; specialty_columns=&#8220;3&#8243;][et_pb_row_inner admin_label=&#8220;Zeile&#8220; background_position=&#8220;top_left&#8220; background_repeat=&#8220;repeat&#8220; background_size=&#8220;initial&#8220;][et_pb_column_inner type=&#8220;4_4&#8243; saved_specialty_column_type=&#8220;3_4&#8243;][et_pb_blog admin_label=&#8220;Blog&#8220; fullwidth=&#8220;on&#8220; include_categories=&#8220;6&#8243; show_thumbnail=&#8220;on&#8220; show_content=&#8220;off&#8220; show_more=&#8220;off&#8220; show_author=&#8220;off&#8220; show_date=&#8220;on&#8220; show_categories=&#8220;on&#8220; show_comments=&#8220;off&#8220; show_pagination=&#8220;on&#8220; offset_number=&#8220;0&#8243; use_overlay=&#8220;off&#8220; background_layout=&#8220;light&#8220; use_dropshadow=&#8220;off&#8220; border_style=&#8220;solid&#8220; _builder_version=&#8220;3.0.51&#8243; meta_date=&#8220;l, d. F Y&#8220; \/][\/et_pb_column_inner][\/et_pb_row_inner][\/et_pb_column][et_pb_column type=&#8220;1_4&#8243;][et_pb_sidebar admin_label=&#8220;Seitenleiste&#8220; orientation=&#8220;right&#8220; area=&#8220;sidebar-1&#8243; background_layout=&#8220;light&#8220; remove_border=&#8220;off&#8220; \/][\/et_pb_column][\/et_pb_section][et_pb_section bb_built=&#8220;1&#8243; admin_label=&#8220;Sektion&#8220; fullwidth=&#8220;off&#8220; specialty=&#8220;on&#8220; _builder_version=&#8220;3.0.51&#8243; background_position_1=&#8220;top_left&#8220; background_repeat_1=&#8220;no-repeat&#8220; background_position_2=&#8220;top_left&#8220; background_repeat_2=&#8220;no-repeat&#8220; disabled=&#8220;off&#8220; disabled_on=&#8220;off|off|off&#8220;][et_pb_column type=&#8220;3_4&#8243; specialty_columns=&#8220;3&#8243;][et_pb_row_inner admin_label=&#8220;Zeile&#8220; background_position=&#8220;top_left&#8220; background_repeat=&#8220;repeat&#8220; background_size=&#8220;initial&#8220;][et_pb_column_inner type=&#8220;4_4&#8243; saved_specialty_column_type=&#8220;3_4&#8243;][et_pb_blog admin_label=&#8220;Blog&#8220; fullwidth=&#8220;off&#8220; include_categories=&#8220;6&#8243; show_thumbnail=&#8220;on&#8220; show_content=&#8220;off&#8220; show_more=&#8220;off&#8220; show_author=&#8220;off&#8220; show_date=&#8220;on&#8220; show_categories=&#8220;on&#8220; show_comments=&#8220;off&#8220; show_pagination=&#8220;on&#8220; offset_number=&#8220;0&#8243; use_overlay=&#8220;off&#8220; background_layout=&#8220;light&#8220; use_dropshadow=&#8220;off&#8220; border_style=&#8220;solid&#8220; _builder_version=&#8220;3.0.51&#8243; use_border_color=&#8220;on&#8220; meta_date=&#8220;l, d. F Y&#8220; \/][\/et_pb_column_inner][\/et_pb_row_inner][\/et_pb_column][et_pb_column type=&#8220;1_4&#8243;][et_pb_sidebar admin_label=&#8220;Seitenleiste&#8220; orientation=&#8220;right&#8220; area=&#8220;sidebar-1&#8243; background_layout=&#8220;light&#8220; remove_border=&#8220;off&#8220; \/][\/et_pb_column][\/et_pb_section]<\/p>\n","protected":false},"excerpt":{"rendered":"<p>Eins\u00e4tze<\/p>\n","protected":false},"author":1,"featured_media":0,"parent":0,"menu_order":0,"comment_status":"closed","ping_status":"closed","template":"","meta":{"_et_pb_use_builder":"on","_et_pb_old_content":"","_et_gb_content_width":"","footnotes":""},"class_list":["post-7812","page","type-page","status-publish","hentry"],"jetpack_sharing_enabled":true,"jetpack-related-posts":[{"id":1089,"url":"https:\/\/www.feuerwehr-pettneu.at\/wp\/taetigkeiten","url_meta":{"origin":7812,"position":0},"title":"T\u00e4tigkeiten","author":"FF-Pettneu","date":"Dienstag, 16. August 2016","format":false,"excerpt":"","rel":"","context":"\u00c4hnlicher Beitrag","block_context":{"text":"\u00c4hnlicher Beitrag","link":""},"img":{"alt_text":"","src":"","width":0,"height":0},"classes":[]},{"id":8057,"url":"https:\/\/www.feuerwehr-pettneu.at\/wp\/uebungen","url_meta":{"origin":7812,"position":1},"title":"\u00dcbungen","author":"FF-Pettneu","date":"Montag, 31. Juli 2017","format":false,"excerpt":"","rel":"","context":"\u00c4hnlicher Beitrag","block_context":{"text":"\u00c4hnlicher Beitrag","link":""},"img":{"alt_text":"","src":"","width":0,"height":0},"classes":[]},{"id":8059,"url":"https:\/\/www.feuerwehr-pettneu.at\/wp\/jugend","url_meta":{"origin":7812,"position":2},"title":"Jugend","author":"FF-Pettneu","date":"Montag, 31. Juli 2017","format":false,"excerpt":"","rel":"","context":"\u00c4hnlicher Beitrag","block_context":{"text":"\u00c4hnlicher Beitrag","link":""},"img":{"alt_text":"","src":"","width":0,"height":0},"classes":[]},{"id":60,"url":"https:\/\/www.feuerwehr-pettneu.at\/wp\/feuerwehrhalle","url_meta":{"origin":7812,"position":3},"title":"Feuerwehrhalle","author":"FF-Pettneu","date":"Samstag, 14. Mai 2016","format":false,"excerpt":"","rel":"","context":"\u00c4hnlicher Beitrag","block_context":{"text":"\u00c4hnlicher Beitrag","link":""},"img":{"alt_text":"","src":"","width":0,"height":0},"classes":[]},{"id":58,"url":"https:\/\/www.feuerwehr-pettneu.at\/wp\/fahrzeuge","url_meta":{"origin":7812,"position":4},"title":"Fahrzeuge","author":"FF-Pettneu","date":"Samstag, 14. Mai 2016","format":false,"excerpt":"","rel":"","context":"\u00c4hnlicher Beitrag","block_context":{"text":"\u00c4hnlicher Beitrag","link":""},"img":{"alt_text":"","src":"","width":0,"height":0},"classes":[]},{"id":2891,"url":"https:\/\/www.feuerwehr-pettneu.at\/wp\/berichte","url_meta":{"origin":7812,"position":5},"title":"Berichte","author":"FF-Pettneu","date":"Dienstag, 27. Juni 2017","format":false,"excerpt":"","rel":"","context":"\u00c4hnlicher Beitrag","block_context":{"text":"\u00c4hnlicher Beitrag","link":""},"img":{"alt_text":"","src":"","width":0,"height":0},"classes":[]}],"_links":{"self":[{"href":"https:\/\/www.feuerwehr-pettneu.at\/wp\/wp-json\/wp\/v2\/pages\/7812","targetHints":{"allow":["GET"]}}],"collection":[{"href":"https:\/\/www.feuerwehr-pettneu.at\/wp\/wp-json\/wp\/v2\/pages"}],"about":[{"href":"https:\/\/www.feuerwehr-pettneu.at\/wp\/wp-json\/wp\/v2\/types\/page"}],"author":[{"embeddable":true,"href":"https:\/\/www.feuerwehr-pettneu.at\/wp\/wp-json\/wp\/v2\/users\/1"}],"replies":[{"embeddable":true,"href":"https:\/\/www.feuerwehr-pettneu.at\/wp\/wp-json\/wp\/v2\/comments?post=7812"}],"version-history":[{"count":0,"href":"https:\/\/www.feuerwehr-pettneu.at\/wp\/wp-json\/wp\/v2\/pages\/7812\/revisions"}],"wp:attachment":[{"href":"https:\/\/www.feuerwehr-pettneu.at\/wp\/wp-json\/wp\/v2\/media?parent=7812"}],"curies":[{"name":"wp","href":"https:\/\/api.w.org\/{rel}","templated":true}]}}